{"id":2202,"date":"2024-05-20T17:28:39","date_gmt":"2024-05-20T17:28:39","guid":{"rendered":"https:\/\/maiaperfil.pt\/politique-de-confidentialite\/"},"modified":"2024-06-05T11:56:27","modified_gmt":"2024-06-05T11:56:27","slug":"politique-de-confidentialite","status":"publish","type":"page","link":"https:\/\/maiaperfil.pt\/fr\/politique-de-confidentialite\/","title":{"rendered":"Politique de confidentialit\u00e9"},"content":{"rendered":"\r\n<h2 class=\"wp-block-heading\">Mentions L\u00e9gales<\/h2>\r\n\r\n\r\n\r\n<p>Maia Perfil &#8211; M\u00e9tallurgie, Lda. Estrada da Fazarga Loureira 2495-132 Leiria www.maiaperfi.pt Pour toute information suppl\u00e9mentaire sur un texte, une image ou une fonctionnalit\u00e9 du site web, veuillez nous envoyer un email \u00e0 <a target=\"_new\" rel=\"noreferrer noopener\">geral@maiaperfil.pt<\/a>.<\/p>\r\n\r\n\r\n\r\n<h2 class=\"wp-block-heading\">Protection des donn\u00e9es<\/h2>\r\n\r\n\r\n\r\n<p>Toutes les donn\u00e9es pr\u00e9sentes dans les diff\u00e9rents syst\u00e8mes et bases de donn\u00e9es de Maia Perfil ont \u00e9t\u00e9 collect\u00e9es \u00e0 travers des relations contractuelles et des interventions professionnelles avec nos clients. Leur utilisation est simplement \u00e0 des fins pr\u00e9c\u00e9demment mentionn\u00e9es.<\/p>\r\n<p>Vos donn\u00e9es peuvent \u00eatre supprim\u00e9es \u00e0 tout moment, d\u00e8s lors que vous exprimez cette volont\u00e9 par \u00e9crit. Ainsi, Maia Perfil se conforme \u00e0 la loi en vigueur, \u00e0 savoir la loi 67\/98, du 26 octobre, rectifi\u00e9e par la loi n\u00ba 103\/2015, du 24 ao\u00fbt.<\/p>\r\n<p>A partir du 25 mai 2018, le R\u00e8glement G\u00e9n\u00e9ral sur la Protection des Donn\u00e9es Personnelles (RGPD) n\u00ba 2016\/679 du Parlement europ\u00e9en et du Conseil europ\u00e9en du 27 avril 2016, qui \u00e9tablit et normalise le traitement et la protection des donn\u00e9es personnelles, entre en vigueur.<\/p>\r\n<p>Nous garantissons d\u00e8s maintenant que vos donn\u00e9es personnelles ne seront pas transf\u00e9r\u00e9es \u00e0 une tierce entreprise et encore moins commercialis\u00e9es. Cependant, nous ne pouvons garantir la confidentialit\u00e9 de vos messages envoy\u00e9s par e-mail car ils sont essentiels au fonctionnement normal de l&rsquo;entreprise.<\/p>\r\n<p>Maia Perfil conservera vos donn\u00e9es personnelles pendant la dur\u00e9e n\u00e9cessaire \u00e0 la prestation des services, \u00e0 la facturation, au respect des obligations l\u00e9gales et \u00e0 des fins de marketing \u00ab\u00a0li\u00e9es \u00e0 notre domaine d&rsquo;activit\u00e9\u00a0\u00bb. Les bases de donn\u00e9es sont sauvegard\u00e9es et prot\u00e9g\u00e9es de mani\u00e8re \u00e0 \u00e9viter tout type de fuite ou d&rsquo;utilisation abusive. \u00c0 cet \u00e9gard, elles sont prot\u00e9g\u00e9es conform\u00e9ment au Code de la Propri\u00e9t\u00e9 Intellectuelle et \u00e0 la l\u00e9gislation en vigueur.<\/p>\r\n\r\n\r\n\r\n<h2 class=\"wp-block-heading\">Quelles sont les Donn\u00e9es Utilis\u00e9es?<\/h2>\r\n\r\n\r\n\r\n<p>Actuellement, Maia Perfil utilise les donn\u00e9es personnelles essentielles pour que l&rsquo;utilisateur puisse faire une demande d&rsquo;information sur les produits que nous commercialisons, telles que:<\/p>\r\n<p>Nom: essentiel pour identifier la demande et le client. Email: essentiel pour contacter le client et r\u00e9pondre \u00e0 la demande effectu\u00e9e.<\/p>\r\n\r\n\r\n\r\n<h2 class=\"wp-block-heading\">Comment prot\u00e9geons-nous vos donn\u00e9es ?<\/h2>\r\n\r\n\r\n\r\n<p>Vos donn\u00e9es sont prot\u00e9g\u00e9es par la l\u00e9gislation mentionn\u00e9e pr\u00e9c\u00e9demment. De plus, elles sont stock\u00e9es dans un espace accessible uniquement par le responsable de la protection des donn\u00e9es ou certaines personnes d\u00e9sign\u00e9es \u00e0 cet effet. Nous avons l&rsquo;intention d&rsquo;\u00e9viter \u00e0 tout prix toute fuite totale ou partielle des donn\u00e9es personnelles de nos clients.<\/p>\r\n<p>Aucune technique suppl\u00e9mentaire ne sera utilis\u00e9e pour acqu\u00e9rir vos donn\u00e9es personnelles ou des informations extraordinaires. De plus, nous n&rsquo;utilisons aucune technique pour alt\u00e9rer ou modifier vos donn\u00e9es personnelles.<\/p>\r\n\r\n\r\n\r\n<h2 class=\"wp-block-heading\">Gestion des Donn\u00e9es Personnelles<\/h2>\r\n\r\n\r\n\r\n<p>La collecte de vos donn\u00e9es ne sera effectu\u00e9e qu&rsquo;avec votre consentement. L&rsquo;utilisation de ces donn\u00e9es est uniquement destin\u00e9e \u00e0 la communication interentreprises.<\/p>\r\n\r\n\r\n\r\n<h2 class=\"wp-block-heading\">Droits d&rsquo;Auteur<\/h2>\r\n\r\n\r\n\r\n<p>Maia Perfil est prot\u00e9g\u00e9e par la loi portugaise et internationale sur la protection des droits d&rsquo;auteur, la protection des donn\u00e9es et la protection de la propri\u00e9t\u00e9 intellectuelle. Tout le contenu, les images et les vid\u00e9os ont \u00e9t\u00e9 cr\u00e9\u00e9s en interne par la marque. Il est essentiel de souligner que toute modification de ceux-ci est r\u00e9pr\u00e9hensible en vertu de la loi en vigueur.<\/p>\r\n<p>Maia Perfil a le droit de modifier tout texte, image ou vid\u00e9o, chaque fois qu&rsquo;elle le juge souhaitable ou opportun.<\/p>\r\n<p>Cette entreprise se r\u00e9serve le droit de ne pas accepter les campagnes ou les publicit\u00e9s de tiers. Si cela se produit, nous utiliserons les outils et les moyens n\u00e9cessaires pour condamner les infractions.<\/p>\r\n\r\n\r\n\r\n<h2 class=\"wp-block-heading\">Syst\u00e8mes de Liens<\/h2>\r\n\r\n\r\n\r\n<p>Tout le syst\u00e8me de liens internes et externes utilis\u00e9 sur notre site web a pour seul but de faciliter la navigation et de mieux orienter l&rsquo;utilisateur vers ce dont il a besoin. Nous ne pouvons assumer aucune responsabilit\u00e9 pour les probl\u00e8mes r\u00e9sultant des liens externes.<\/p>\r\n\r\n\r\n\r\n<h2 class=\"wp-block-heading\">Politique de Cookies<\/h2>\r\n<p>Vous pouvez voir plus de d\u00e9tails dans la <a href=\"https:\/\/maiaperfil.pt\/fr\/politique-de-cookies\/\">Politique relative aux cookies<\/a><\/p>\r\n<p>&nbsp;<\/p>\r\n","protected":false},"excerpt":{"rendered":"<p>Mentions L\u00e9gales Maia Perfil &#8211; M\u00e9tallurgie, Lda. Estrada da Fazarga Loureira 2495-132 Leiria www.maiaperfi.pt Pour toute information suppl\u00e9mentaire sur un texte, une image ou une fonctionnalit\u00e9 du site web, veuillez nous envoyer un email \u00e0 geral@maiaperfil.pt. Protection des donn\u00e9es Toutes les donn\u00e9es pr\u00e9sentes dans les diff\u00e9rents syst\u00e8mes et bases de donn\u00e9es de Maia Perfil ont [&hellip;]<\/p>\n","protected":false},"author":1,"featured_media":0,"parent":0,"menu_order":20,"comment_status":"closed","ping_status":"closed","template":"","meta":{"_acf_changed":false,"footnotes":""},"class_list":["post-2202","page","type-page","status-publish","hentry"],"acf":[],"_links":{"self":[{"href":"https:\/\/maiaperfil.pt\/fr\/wp-json\/wp\/v2\/pages\/2202","targetHints":{"allow":["GET"]}}],"collection":[{"href":"https:\/\/maiaperfil.pt\/fr\/wp-json\/wp\/v2\/pages"}],"about":[{"href":"https:\/\/maiaperfil.pt\/fr\/wp-json\/wp\/v2\/types\/page"}],"author":[{"embeddable":true,"href":"https:\/\/maiaperfil.pt\/fr\/wp-json\/wp\/v2\/users\/1"}],"replies":[{"embeddable":true,"href":"https:\/\/maiaperfil.pt\/fr\/wp-json\/wp\/v2\/comments?post=2202"}],"version-history":[{"count":2,"href":"https:\/\/maiaperfil.pt\/fr\/wp-json\/wp\/v2\/pages\/2202\/revisions"}],"predecessor-version":[{"id":3151,"href":"https:\/\/maiaperfil.pt\/fr\/wp-json\/wp\/v2\/pages\/2202\/revisions\/3151"}],"wp:attachment":[{"href":"https:\/\/maiaperfil.pt\/fr\/wp-json\/wp\/v2\/media?parent=2202"}],"curies":[{"name":"wp","href":"https:\/\/api.w.org\/{rel}","templated":true}]}}